{"id":4400,"date":"2021-10-12T15:51:09","date_gmt":"2021-10-12T15:51:09","guid":{"rendered":"http:\/\/dummy.xtemos.com\/woodmart2\/elementor\/?page_id=4400"},"modified":"2025-04-30T09:30:32","modified_gmt":"2025-04-30T13:30:32","slug":"about-us-3","status":"publish","type":"page","link":"https:\/\/mueblesmyh.cl\/es_es\/about-us-3\/","title":{"rendered":"Sobre Nosotros"},"content":{"rendered":"\t\t<div data-elementor-type=\"wp-page\" data-elementor-id=\"4400\" class=\"elementor elementor-4400\" data-elementor-post-type=\"page\">\n\t\t\t\t<div class=\"wd-negative-gap elementor-element elementor-element-7c7c544 e-flex e-con-boxed e-con e-parent\" data-id=\"7c7c544\" data-element_type=\"container\" data-e-type=\"container\">\n\t\t\t\t\t<div class=\"e-con-inner\">\n\t\t<div class=\"elementor-element elementor-element-e7cb5cd e-con-full e-flex e-con e-child\" data-id=\"e7cb5cd\" data-element_type=\"container\" data-e-type=\"container\">\n\t\t\t\t<div class=\"elementor-element elementor-element-56aec39 elementor-widget elementor-widget-wd_image_or_svg\" data-id=\"56aec39\" data-element_type=\"widget\" data-e-type=\"widget\" data-widget_type=\"wd_image_or_svg.default\">\n\t\t\t\t<div class=\"elementor-widget-container\">\n\t\t\t\t\t\n\t\t<div class=\"wd-image text-left\">\n\t\t\t\t\t\t\t\t<img loading=\"lazy\" decoding=\"async\" width=\"720\" height=\"1080\" src=\"https:\/\/mueblesmyh.cl\/wp-content\/uploads\/2024\/11\/portada-sobre-nosotros.png\" class=\"attachment-full size-full\" alt=\"\" srcset=\"https:\/\/mueblesmyh.cl\/wp-content\/uploads\/2024\/11\/portada-sobre-nosotros.png 720w, https:\/\/mueblesmyh.cl\/wp-content\/uploads\/2024\/11\/portada-sobre-nosotros-430x645.png 430w, https:\/\/mueblesmyh.cl\/wp-content\/uploads\/2024\/11\/portada-sobre-nosotros-150x225.png 150w, https:\/\/mueblesmyh.cl\/wp-content\/uploads\/2024\/11\/portada-sobre-nosotros-700x1050.png 700w, https:\/\/mueblesmyh.cl\/wp-content\/uploads\/2024\/11\/portada-sobre-nosotros-200x300.png 200w, https:\/\/mueblesmyh.cl\/wp-content\/uploads\/2024\/11\/portada-sobre-nosotros-533x800.png 533w\" sizes=\"auto, (max-width: 720px) 100vw, 720px\" \/>\t\t\t\t\t<\/div>\n\n\t\t\t\t\t\t<\/div>\n\t\t\t\t<\/div>\n\t\t\t\t<\/div>\n\t\t<div class=\"elementor-element elementor-element-97d6084 e-con-full e-flex e-con e-child\" data-id=\"97d6084\" data-element_type=\"container\" data-e-type=\"container\">\n\t\t\t\t<div class=\"elementor-element elementor-element-98d830b elementor-widget__width-initial wd-width-100 elementor-widget elementor-widget-wd_title\" data-id=\"98d830b\" data-element_type=\"widget\" data-e-type=\"widget\" data-widget_type=\"wd_title.default\">\n\t\t\t\t<div class=\"elementor-widget-container\">\n\t\t\t\t\t\t\t<div class=\"title-wrapper wd-set-mb reset-last-child wd-title-color-primary wd-title-style-default wd-title-size-large text-left\">\n\n\t\t\t\t\t\t\t\t\t\t\t<div class=\"title-subtitle subtitle-color-primary subtitle-style-default wd-fontsize-xs\">\n\t\t\t\t\tNuestra historia\t\t\t\t<\/div>\n\t\t\t\n\t\t\t<div class=\"liner-continer\">\n\t\t\t\t<h4 class=\"woodmart-title-container title wd-fontsize-xxl\">Sobre nosotros<\/h4> \n\t\t\t\t\t\t\t<\/div>\n\n\t\t\t\t\t<\/div>\n\t\t\t\t\t\t<\/div>\n\t\t\t\t<\/div>\n\t\t\t\t<div class=\"elementor-element elementor-element-66e47ad elementor-widget elementor-widget-wd_text_block\" data-id=\"66e47ad\" data-element_type=\"widget\" data-e-type=\"widget\" data-widget_type=\"wd_text_block.default\">\n\t\t\t\t<div class=\"elementor-widget-container\">\n\t\t\t\t\t\t\t<div class=\"wd-text-block reset-last-child text-left\">\n\t\t\t\n\t\t\t<p>Esta empresa naci\u00f3 con nuestra visi\u00f3n hace mas de 12 a\u00f1os, tras explorar diversas iniciativas en el \u00e1mbito de la decoraci\u00f3n del hogar, encontramos una oportunidad para expandirnos hacia el mercado de muebles prefabricados provenientes de China.<\/p><p>Gracias a la ubicaci\u00f3n estrat\u00e9gica de Iquique como Zona Franca, una regi\u00f3n que permite desarrollar actividades comerciales e industriales bajo regulaciones especiales, el negocio creci\u00f3 r\u00e1pidamente. Esta condici\u00f3n facilit\u00f3 la compra de productos a trav\u00e9s de Zofri, desde vendedores mayoristas, optimizando el acceso a mercanc\u00edas importadas.<\/p><p>Con el tiempo, decidimos establecer contacto directo con proveedores de otros pa\u00edses, con el objetivo de convertirnos en compradores directos y obtener mejores precios para nuestros clientes. Establecimos alianzas estrat\u00e9gicas con reconocidas marcas de Brasil, que actualmente nos proveen la mayor\u00eda de nuestros productos de madera MDP, logrando as\u00ed una combinaci\u00f3n ideal entre calidad y dise\u00f1o.<\/p><p>Hoy en d\u00eda, Myh es liderada por nuestros socios quienes han llevado el negocio hacia la era digital y las redes sociales, fortaleciendo nuestra conexi\u00f3n con los clientes y manteniendo vivo el legado familiar.<\/p><p>Te invitamos a conocer nuestros productos y servicios, y a disfrutar de una experiencia completa, desde la atenci\u00f3n personalizada en nuestra tienda hasta la entrega directa en la puerta de tu hogar.<\/p>\n\t\t\t\t\t<\/div>\n\t\t\t\t\t\t<\/div>\n\t\t\t\t<\/div>\n\t\t<div class=\"elementor-element elementor-element-3eef7d8 e-con-full e-flex e-con e-child\" data-id=\"3eef7d8\" data-element_type=\"container\" data-e-type=\"container\">\n\t\t\t\t<div class=\"elementor-element elementor-element-cee0b0c elementor-widget__width-auto elementor-widget elementor-widget-wd_text_block\" data-id=\"cee0b0c\" data-element_type=\"widget\" data-e-type=\"widget\" data-widget_type=\"wd_text_block.default\">\n\t\t\t\t<div class=\"elementor-widget-container\">\n\t\t\t\t\t\t\t<div class=\"wd-text-block reset-last-child text-left\">\n\t\t\t\n\t\t\t\n\t\t\t\t\t<\/div>\n\t\t\t\t\t\t<\/div>\n\t\t\t\t<\/div>\n\t\t\t\t<div class=\"elementor-element elementor-element-ee232e9 elementor-widget__width-auto elementor-hidden-phone elementor-widget elementor-widget-wd_social_buttons\" data-id=\"ee232e9\" data-element_type=\"widget\" data-e-type=\"widget\" data-widget_type=\"wd_social_buttons.default\">\n\t\t\t\t<div class=\"elementor-widget-container\">\n\t\t\t\t\t\t\t\t<div\n\t\t\t\t\t\tclass=\" wd-social-icons wd-style-colored-alt wd-size-small social-share wd-shape-circle color-scheme-dark text-left\">\n\t\t\t\t\n\t\t\t\t\n\t\t\t\t\t\t\t\t\t<a rel=\"noopener noreferrer nofollow\" href=\"https:\/\/www.facebook.com\/sharer\/sharer.php?u=https:\/\/mueblesmyh.cl\/es_es\/about-us-3\/\" target=\"_blank\" class=\" wd-social-icon social-facebook\" aria-label=\"Facebook social link\">\n\t\t\t\t\t\t<span class=\"wd-icon\"><\/span>\n\t\t\t\t\t\t\t\t\t\t\t<\/a>\n\t\t\t\t\n\t\t\t\t\t\t\t\t\t<a rel=\"noopener noreferrer nofollow\" href=\"https:\/\/x.com\/share?url=https:\/\/mueblesmyh.cl\/es_es\/about-us-3\/\" target=\"_blank\" class=\" wd-social-icon social-twitter\" aria-label=\"X social link\">\n\t\t\t\t\t\t<span class=\"wd-icon\"><\/span>\n\t\t\t\t\t\t\t\t\t\t\t<\/a>\n\t\t\t\t\n\t\t\t\t\n\t\t\t\t\n\t\t\t\t\n\t\t\t\t\n\t\t\t\t\n\t\t\t\t\t\t\t\t\t<a rel=\"noopener noreferrer nofollow\" href=\"https:\/\/pinterest.com\/pin\/create\/button\/?url=https:\/\/mueblesmyh.cl\/es_es\/about-us-3\/&media=https:\/\/mueblesmyh.cl\/wp-includes\/images\/media\/default.svg&description=Sobre+Nosotros\" target=\"_blank\" class=\" wd-social-icon social-pinterest\" aria-label=\"Pinterest social link\">\n\t\t\t\t\t\t<span class=\"wd-icon\"><\/span>\n\t\t\t\t\t\t\t\t\t\t\t<\/a>\n\t\t\t\t\n\t\t\t\t\n\t\t\t\t\t\t\t\t\t<a rel=\"noopener noreferrer nofollow\" href=\"https:\/\/www.linkedin.com\/shareArticle?mini=true&url=https:\/\/mueblesmyh.cl\/es_es\/about-us-3\/\" target=\"_blank\" class=\" wd-social-icon social-linkedin\" aria-label=\"Linkedin social link\">\n\t\t\t\t\t\t<span class=\"wd-icon\"><\/span>\n\t\t\t\t\t\t\t\t\t\t\t<\/a>\n\t\t\t\t\n\t\t\t\t\n\t\t\t\t\n\t\t\t\t\n\t\t\t\t\n\t\t\t\t\n\t\t\t\t\n\t\t\t\t\n\t\t\t\t\n\t\t\t\t\n\t\t\t\t\n\t\t\t\t\n\t\t\t\t\n\t\t\t\t\n\t\t\t\t\n\t\t\t\t\t\t\t\t\t<a rel=\"noopener noreferrer nofollow\" href=\"https:\/\/telegram.me\/share\/url?url=https:\/\/mueblesmyh.cl\/es_es\/about-us-3\/\" target=\"_blank\" class=\" wd-social-icon social-tg\" aria-label=\"Telegram social link\">\n\t\t\t\t\t\t<span class=\"wd-icon\"><\/span>\n\t\t\t\t\t\t\t\t\t\t\t<\/a>\n\t\t\t\t\n\t\t\t\t\n\t\t\t<\/div>\n\n\t\t\t\t\t\t<\/div>\n\t\t\t\t<\/div>\n\t\t\t\t<\/div>\n\t\t\t\t<\/div>\n\t\t\t\t\t<\/div>\n\t\t\t\t<\/div>\n\t\t\t\t<\/div>\n\t\t","protected":false},"excerpt":{"rendered":"<p>Nuestra historia Sobre nosotros Esta empresa naci\u00f3 con nuestra visi\u00f3n hace mas de 12 a\u00f1os, tras explorar diversas iniciativas en<\/p>\n","protected":false},"author":1,"featured_media":0,"parent":0,"menu_order":0,"comment_status":"closed","ping_status":"closed","template":"","meta":{"footnotes":""},"class_list":["post-4400","page","type-page","status-publish","hentry"],"yoast_head":"<!-- This site is optimized with the Yoast SEO plugin v27.4 - https:\/\/yoast.com\/product\/yoast-seo-wordpress\/ -->\n<title>Sobre Nosotros - Muebles MyH<\/title>\n<meta name=\"robots\" content=\"index, follow, max-snippet:-1, max-image-preview:large, max-video-preview:-1\" \/>\n<link rel=\"canonical\" href=\"https:\/\/mueblesmyh.cl\/es_es\/about-us-3\/\" \/>\n<meta property=\"og:locale\" content=\"es_ES\" \/>\n<meta property=\"og:type\" content=\"article\" \/>\n<meta property=\"og:title\" content=\"Sobre Nosotros - Muebles MyH\" \/>\n<meta property=\"og:description\" content=\"Nuestra historia Sobre nosotros Esta empresa naci\u00f3 con nuestra visi\u00f3n hace mas de 12 a\u00f1os, tras explorar diversas iniciativas en\" \/>\n<meta property=\"og:url\" content=\"https:\/\/mueblesmyh.cl\/es_es\/about-us-3\/\" \/>\n<meta property=\"og:site_name\" content=\"Muebles MyH\" \/>\n<meta property=\"article:publisher\" content=\"https:\/\/facebook.com\/MueblesMyH.Tarapaca\" \/>\n<meta property=\"article:modified_time\" content=\"2025-04-30T13:30:32+00:00\" \/>\n<meta property=\"og:image\" content=\"https:\/\/mueblesmyh.cl\/wp-content\/uploads\/2024\/11\/portada-sobre-nosotros.png\" \/>\n<meta name=\"twitter:card\" content=\"summary_large_image\" \/>\n<meta name=\"twitter:label1\" content=\"Tiempo de lectura\" \/>\n\t<meta name=\"twitter:data1\" content=\"2 minutos\" \/>\n<script type=\"application\/ld+json\" class=\"yoast-schema-graph\">{\"@context\":\"https:\\\/\\\/schema.org\",\"@graph\":[{\"@type\":\"WebPage\",\"@id\":\"https:\\\/\\\/mueblesmyh.cl\\\/es_es\\\/about-us-3\\\/\",\"url\":\"https:\\\/\\\/mueblesmyh.cl\\\/es_es\\\/about-us-3\\\/\",\"name\":\"Sobre Nosotros - Muebles MyH\",\"isPartOf\":{\"@id\":\"https:\\\/\\\/mueblesmyh.cl\\\/#website\"},\"primaryImageOfPage\":{\"@id\":\"https:\\\/\\\/mueblesmyh.cl\\\/es_es\\\/about-us-3\\\/#primaryimage\"},\"image\":{\"@id\":\"https:\\\/\\\/mueblesmyh.cl\\\/es_es\\\/about-us-3\\\/#primaryimage\"},\"thumbnailUrl\":\"https:\\\/\\\/mueblesmyh.cl\\\/wp-content\\\/uploads\\\/2024\\\/11\\\/portada-sobre-nosotros.png\",\"datePublished\":\"2021-10-12T15:51:09+00:00\",\"dateModified\":\"2025-04-30T13:30:32+00:00\",\"breadcrumb\":{\"@id\":\"https:\\\/\\\/mueblesmyh.cl\\\/es_es\\\/about-us-3\\\/#breadcrumb\"},\"inLanguage\":\"es\",\"potentialAction\":[{\"@type\":\"ReadAction\",\"target\":[\"https:\\\/\\\/mueblesmyh.cl\\\/es_es\\\/about-us-3\\\/\"]}]},{\"@type\":\"ImageObject\",\"inLanguage\":\"es\",\"@id\":\"https:\\\/\\\/mueblesmyh.cl\\\/es_es\\\/about-us-3\\\/#primaryimage\",\"url\":\"https:\\\/\\\/mueblesmyh.cl\\\/wp-content\\\/uploads\\\/2024\\\/11\\\/portada-sobre-nosotros.png\",\"contentUrl\":\"https:\\\/\\\/mueblesmyh.cl\\\/wp-content\\\/uploads\\\/2024\\\/11\\\/portada-sobre-nosotros.png\"},{\"@type\":\"BreadcrumbList\",\"@id\":\"https:\\\/\\\/mueblesmyh.cl\\\/es_es\\\/about-us-3\\\/#breadcrumb\",\"itemListElement\":[{\"@type\":\"ListItem\",\"position\":1,\"name\":\"Portada\",\"item\":\"https:\\\/\\\/mueblesmyh.cl\\\/es_es\\\/\"},{\"@type\":\"ListItem\",\"position\":2,\"name\":\"Sobre Nosotros\"}]},{\"@type\":\"WebSite\",\"@id\":\"https:\\\/\\\/mueblesmyh.cl\\\/#website\",\"url\":\"https:\\\/\\\/mueblesmyh.cl\\\/\",\"name\":\"Muebles MyH\",\"description\":\"MyH\",\"publisher\":{\"@id\":\"https:\\\/\\\/mueblesmyh.cl\\\/#organization\"},\"alternateName\":\"Muebles MyH\",\"potentialAction\":[{\"@type\":\"SearchAction\",\"target\":{\"@type\":\"EntryPoint\",\"urlTemplate\":\"https:\\\/\\\/mueblesmyh.cl\\\/?s={search_term_string}\"},\"query-input\":{\"@type\":\"PropertyValueSpecification\",\"valueRequired\":true,\"valueName\":\"search_term_string\"}}],\"inLanguage\":\"es\"},{\"@type\":\"Organization\",\"@id\":\"https:\\\/\\\/mueblesmyh.cl\\\/#organization\",\"name\":\"Muebles MyH\",\"url\":\"https:\\\/\\\/mueblesmyh.cl\\\/\",\"logo\":{\"@type\":\"ImageObject\",\"inLanguage\":\"es\",\"@id\":\"https:\\\/\\\/mueblesmyh.cl\\\/#\\\/schema\\\/logo\\\/image\\\/\",\"url\":\"https:\\\/\\\/mueblesmyh.cl\\\/wp-content\\\/uploads\\\/2023\\\/03\\\/logo-MyH-nota-2-.png\",\"contentUrl\":\"https:\\\/\\\/mueblesmyh.cl\\\/wp-content\\\/uploads\\\/2023\\\/03\\\/logo-MyH-nota-2-.png\",\"width\":336,\"height\":60,\"caption\":\"Muebles MyH\"},\"image\":{\"@id\":\"https:\\\/\\\/mueblesmyh.cl\\\/#\\\/schema\\\/logo\\\/image\\\/\"},\"sameAs\":[\"https:\\\/\\\/facebook.com\\\/MueblesMyH.Tarapaca\"]}]}<\/script>\n<!-- \/ Yoast SEO plugin. -->","yoast_head_json":{"title":"Sobre Nosotros - Muebles MyH","robots":{"index":"index","follow":"follow","max-snippet":"max-snippet:-1","max-image-preview":"max-image-preview:large","max-video-preview":"max-video-preview:-1"},"canonical":"https:\/\/mueblesmyh.cl\/es_es\/about-us-3\/","og_locale":"es_ES","og_type":"article","og_title":"Sobre Nosotros - Muebles MyH","og_description":"Nuestra historia Sobre nosotros Esta empresa naci\u00f3 con nuestra visi\u00f3n hace mas de 12 a\u00f1os, tras explorar diversas iniciativas en","og_url":"https:\/\/mueblesmyh.cl\/es_es\/about-us-3\/","og_site_name":"Muebles MyH","article_publisher":"https:\/\/facebook.com\/MueblesMyH.Tarapaca","article_modified_time":"2025-04-30T13:30:32+00:00","og_image":[{"url":"https:\/\/mueblesmyh.cl\/wp-content\/uploads\/2024\/11\/portada-sobre-nosotros.png","type":"","width":"","height":""}],"twitter_card":"summary_large_image","twitter_misc":{"Tiempo de lectura":"2 minutos"},"schema":{"@context":"https:\/\/schema.org","@graph":[{"@type":"WebPage","@id":"https:\/\/mueblesmyh.cl\/es_es\/about-us-3\/","url":"https:\/\/mueblesmyh.cl\/es_es\/about-us-3\/","name":"Sobre Nosotros - Muebles MyH","isPartOf":{"@id":"https:\/\/mueblesmyh.cl\/#website"},"primaryImageOfPage":{"@id":"https:\/\/mueblesmyh.cl\/es_es\/about-us-3\/#primaryimage"},"image":{"@id":"https:\/\/mueblesmyh.cl\/es_es\/about-us-3\/#primaryimage"},"thumbnailUrl":"https:\/\/mueblesmyh.cl\/wp-content\/uploads\/2024\/11\/portada-sobre-nosotros.png","datePublished":"2021-10-12T15:51:09+00:00","dateModified":"2025-04-30T13:30:32+00:00","breadcrumb":{"@id":"https:\/\/mueblesmyh.cl\/es_es\/about-us-3\/#breadcrumb"},"inLanguage":"es","potentialAction":[{"@type":"ReadAction","target":["https:\/\/mueblesmyh.cl\/es_es\/about-us-3\/"]}]},{"@type":"ImageObject","inLanguage":"es","@id":"https:\/\/mueblesmyh.cl\/es_es\/about-us-3\/#primaryimage","url":"https:\/\/mueblesmyh.cl\/wp-content\/uploads\/2024\/11\/portada-sobre-nosotros.png","contentUrl":"https:\/\/mueblesmyh.cl\/wp-content\/uploads\/2024\/11\/portada-sobre-nosotros.png"},{"@type":"BreadcrumbList","@id":"https:\/\/mueblesmyh.cl\/es_es\/about-us-3\/#breadcrumb","itemListElement":[{"@type":"ListItem","position":1,"name":"Portada","item":"https:\/\/mueblesmyh.cl\/es_es\/"},{"@type":"ListItem","position":2,"name":"Sobre Nosotros"}]},{"@type":"WebSite","@id":"https:\/\/mueblesmyh.cl\/#website","url":"https:\/\/mueblesmyh.cl\/","name":"Muebles MyH","description":"MyH","publisher":{"@id":"https:\/\/mueblesmyh.cl\/#organization"},"alternateName":"Muebles MyH","potentialAction":[{"@type":"SearchAction","target":{"@type":"EntryPoint","urlTemplate":"https:\/\/mueblesmyh.cl\/?s={search_term_string}"},"query-input":{"@type":"PropertyValueSpecification","valueRequired":true,"valueName":"search_term_string"}}],"inLanguage":"es"},{"@type":"Organization","@id":"https:\/\/mueblesmyh.cl\/#organization","name":"Muebles MyH","url":"https:\/\/mueblesmyh.cl\/","logo":{"@type":"ImageObject","inLanguage":"es","@id":"https:\/\/mueblesmyh.cl\/#\/schema\/logo\/image\/","url":"https:\/\/mueblesmyh.cl\/wp-content\/uploads\/2023\/03\/logo-MyH-nota-2-.png","contentUrl":"https:\/\/mueblesmyh.cl\/wp-content\/uploads\/2023\/03\/logo-MyH-nota-2-.png","width":336,"height":60,"caption":"Muebles MyH"},"image":{"@id":"https:\/\/mueblesmyh.cl\/#\/schema\/logo\/image\/"},"sameAs":["https:\/\/facebook.com\/MueblesMyH.Tarapaca"]}]}},"_links":{"self":[{"href":"https:\/\/mueblesmyh.cl\/es_es\/wp-json\/wp\/v2\/pages\/4400","targetHints":{"allow":["GET"]}}],"collection":[{"href":"https:\/\/mueblesmyh.cl\/es_es\/wp-json\/wp\/v2\/pages"}],"about":[{"href":"https:\/\/mueblesmyh.cl\/es_es\/wp-json\/wp\/v2\/types\/page"}],"author":[{"embeddable":true,"href":"https:\/\/mueblesmyh.cl\/es_es\/wp-json\/wp\/v2\/users\/1"}],"replies":[{"embeddable":true,"href":"https:\/\/mueblesmyh.cl\/es_es\/wp-json\/wp\/v2\/comments?post=4400"}],"version-history":[{"count":0,"href":"https:\/\/mueblesmyh.cl\/es_es\/wp-json\/wp\/v2\/pages\/4400\/revisions"}],"wp:attachment":[{"href":"https:\/\/mueblesmyh.cl\/es_es\/wp-json\/wp\/v2\/media?parent=4400"}],"curies":[{"name":"wp","href":"https:\/\/api.w.org\/{rel}","templated":true}]}}