{"id":18059,"date":"2023-10-10T17:09:08","date_gmt":"2023-10-10T20:09:08","guid":{"rendered":"https:\/\/mueblesmyh.cl\/?post_type=product&#038;p=18059"},"modified":"2026-02-09T03:25:40","modified_gmt":"2026-02-09T06:25:40","slug":"kit-cocina-hellen-color-nogal-off-white","status":"publish","type":"product","link":"https:\/\/mueblesmyh.cl\/es_es\/tienda-2\/cocina\/kit-cocinas\/kit-cocina-hellen-color-nogal-off-white\/","title":{"rendered":"KIT COCINA HELLEN 7PT 1CJ COLOR NOGAL\/OFF WHITE -mvs sul-"},"content":{"rendered":"<h4>Caracter\u00edsticas<\/h4>\n<ul>\n<li>Estantes internos<\/li>\n<li>Espacio para Horno y Micro<\/li>\n<li>Rieles telesc\u00f3picos<\/li>\n<li>Detalle cableado<\/li>\n<li>Asas de pl\u00e1stico<\/li>\n<li>Pies regulables en altura<\/li>\n<\/ul>\n<h4>Especificaciones<\/h4>\n<ul>\n<li>Referencia: 5221<\/li>\n<li>Peso: 79.600 kg<\/li>\n<li>Ancho: 186,5 cm<\/li>\n<li>Altura: 200,5 cm<\/li>\n<li>Profundidad: 53 cm<\/li>\n<li>Vol\u00famenes: 3<\/li>\n<\/ul>\n","protected":false},"excerpt":{"rendered":"<p>Caracter\u00edsticas Estantes internos Espacio para Horno y Micro Rieles telesc\u00f3picos Detalle cableado Asas de pl\u00e1stico Pies regulables en altura Especificaciones<\/p>\n","protected":false},"featured_media":18062,"comment_status":"open","ping_status":"closed","template":"","meta":[],"product_brand":[],"product_cat":[166],"product_tag":[],"class_list":{"0":"post-18059","1":"product","2":"type-product","3":"status-publish","4":"has-post-thumbnail","6":"product_cat-kit-cocinas","8":"first","9":"outofstock","10":"shipping-taxable","11":"purchasable","12":"product-type-simple"},"yoast_head":"<!-- This site is optimized with the Yoast SEO plugin v27.4 - https:\/\/yoast.com\/product\/yoast-seo-wordpress\/ -->\n<title>KIT COCINA HELLEN 7PT 1CJ COLOR NOGAL\/OFF WHITE -mvs sul- Muebles MyH<\/title>\n<meta name=\"robots\" content=\"index, follow, max-snippet:-1, max-image-preview:large, max-video-preview:-1\" \/>\n<link rel=\"canonical\" href=\"https:\/\/mueblesmyh.cl\/es_es\/tienda-2\/cocina\/kit-cocinas\/kit-cocina-hellen-color-nogal-off-white\/\" \/>\n<meta property=\"og:locale\" content=\"es_ES\" \/>\n<meta property=\"og:type\" content=\"article\" \/>\n<meta property=\"og:title\" content=\"KIT COCINA HELLEN 7PT 1CJ COLOR NOGAL\/OFF WHITE -mvs sul- Muebles MyH\" \/>\n<meta property=\"og:description\" content=\"Caracter\u00edsticas Estantes internos Espacio para Horno y Micro Rieles telesc\u00f3picos Detalle cableado Asas de pl\u00e1stico Pies regulables en altura Especificaciones\" \/>\n<meta property=\"og:url\" content=\"https:\/\/mueblesmyh.cl\/es_es\/tienda-2\/cocina\/kit-cocinas\/kit-cocina-hellen-color-nogal-off-white\/\" \/>\n<meta property=\"og:site_name\" content=\"Muebles MyH\" \/>\n<meta property=\"article:publisher\" content=\"https:\/\/facebook.com\/MueblesMyH.Tarapaca\" \/>\n<meta property=\"article:modified_time\" content=\"2026-02-09T06:25:40+00:00\" \/>\n<meta property=\"og:image\" content=\"https:\/\/mueblesmyh.cl\/wp-content\/uploads\/2023\/10\/1006-0118-13-c0zinha_helen_n0gal.png\" \/>\n\t<meta property=\"og:image:width\" content=\"2000\" \/>\n\t<meta property=\"og:image:height\" content=\"2000\" \/>\n\t<meta property=\"og:image:type\" content=\"image\/png\" \/>\n<meta name=\"twitter:card\" content=\"summary_large_image\" \/>\n<meta name=\"twitter:label1\" content=\"Tiempo de lectura\" \/>\n\t<meta name=\"twitter:data1\" content=\"1 minuto\" \/>\n<script type=\"application\/ld+json\" class=\"yoast-schema-graph\">{\"@context\":\"https:\\\/\\\/schema.org\",\"@graph\":[{\"@type\":\"WebPage\",\"@id\":\"https:\\\/\\\/mueblesmyh.cl\\\/tienda-2\\\/cocina\\\/kit-cocinas\\\/kit-cocina-hellen-color-nogal-off-white\\\/\",\"url\":\"https:\\\/\\\/mueblesmyh.cl\\\/tienda-2\\\/cocina\\\/kit-cocinas\\\/kit-cocina-hellen-color-nogal-off-white\\\/\",\"name\":\"KIT COCINA HELLEN 7PT 1CJ COLOR NOGAL\\\/OFF WHITE -mvs sul- Muebles MyH\",\"isPartOf\":{\"@id\":\"https:\\\/\\\/mueblesmyh.cl\\\/#website\"},\"primaryImageOfPage\":{\"@id\":\"https:\\\/\\\/mueblesmyh.cl\\\/tienda-2\\\/cocina\\\/kit-cocinas\\\/kit-cocina-hellen-color-nogal-off-white\\\/#primaryimage\"},\"image\":{\"@id\":\"https:\\\/\\\/mueblesmyh.cl\\\/tienda-2\\\/cocina\\\/kit-cocinas\\\/kit-cocina-hellen-color-nogal-off-white\\\/#primaryimage\"},\"thumbnailUrl\":\"https:\\\/\\\/mueblesmyh.cl\\\/wp-content\\\/uploads\\\/2023\\\/10\\\/1006-0118-13-c0zinha_helen_n0gal.png\",\"datePublished\":\"2023-10-10T20:09:08+00:00\",\"dateModified\":\"2026-02-09T06:25:40+00:00\",\"breadcrumb\":{\"@id\":\"https:\\\/\\\/mueblesmyh.cl\\\/tienda-2\\\/cocina\\\/kit-cocinas\\\/kit-cocina-hellen-color-nogal-off-white\\\/#breadcrumb\"},\"inLanguage\":\"es\",\"potentialAction\":[{\"@type\":\"ReadAction\",\"target\":[\"https:\\\/\\\/mueblesmyh.cl\\\/tienda-2\\\/cocina\\\/kit-cocinas\\\/kit-cocina-hellen-color-nogal-off-white\\\/\"]}]},{\"@type\":\"ImageObject\",\"inLanguage\":\"es\",\"@id\":\"https:\\\/\\\/mueblesmyh.cl\\\/tienda-2\\\/cocina\\\/kit-cocinas\\\/kit-cocina-hellen-color-nogal-off-white\\\/#primaryimage\",\"url\":\"https:\\\/\\\/mueblesmyh.cl\\\/wp-content\\\/uploads\\\/2023\\\/10\\\/1006-0118-13-c0zinha_helen_n0gal.png\",\"contentUrl\":\"https:\\\/\\\/mueblesmyh.cl\\\/wp-content\\\/uploads\\\/2023\\\/10\\\/1006-0118-13-c0zinha_helen_n0gal.png\",\"width\":2000,\"height\":2000},{\"@type\":\"BreadcrumbList\",\"@id\":\"https:\\\/\\\/mueblesmyh.cl\\\/tienda-2\\\/cocina\\\/kit-cocinas\\\/kit-cocina-hellen-color-nogal-off-white\\\/#breadcrumb\",\"itemListElement\":[{\"@type\":\"ListItem\",\"position\":1,\"name\":\"Portada\",\"item\":\"https:\\\/\\\/mueblesmyh.cl\\\/es_es\\\/\"},{\"@type\":\"ListItem\",\"position\":2,\"name\":\"Tienda\",\"item\":\"https:\\\/\\\/mueblesmyh.cl\\\/es_es\\\/shop\\\/\"},{\"@type\":\"ListItem\",\"position\":3,\"name\":\"KIT COCINA HELLEN 7PT 1CJ COLOR NOGAL\\\/OFF WHITE -mvs sul-\"}]},{\"@type\":\"WebSite\",\"@id\":\"https:\\\/\\\/mueblesmyh.cl\\\/#website\",\"url\":\"https:\\\/\\\/mueblesmyh.cl\\\/\",\"name\":\"Muebles MyH\",\"description\":\"MyH\",\"publisher\":{\"@id\":\"https:\\\/\\\/mueblesmyh.cl\\\/#organization\"},\"alternateName\":\"Muebles MyH\",\"potentialAction\":[{\"@type\":\"SearchAction\",\"target\":{\"@type\":\"EntryPoint\",\"urlTemplate\":\"https:\\\/\\\/mueblesmyh.cl\\\/?s={search_term_string}\"},\"query-input\":{\"@type\":\"PropertyValueSpecification\",\"valueRequired\":true,\"valueName\":\"search_term_string\"}}],\"inLanguage\":\"es\"},{\"@type\":\"Organization\",\"@id\":\"https:\\\/\\\/mueblesmyh.cl\\\/#organization\",\"name\":\"Muebles MyH\",\"url\":\"https:\\\/\\\/mueblesmyh.cl\\\/\",\"logo\":{\"@type\":\"ImageObject\",\"inLanguage\":\"es\",\"@id\":\"https:\\\/\\\/mueblesmyh.cl\\\/#\\\/schema\\\/logo\\\/image\\\/\",\"url\":\"https:\\\/\\\/mueblesmyh.cl\\\/wp-content\\\/uploads\\\/2023\\\/03\\\/logo-MyH-nota-2-.png\",\"contentUrl\":\"https:\\\/\\\/mueblesmyh.cl\\\/wp-content\\\/uploads\\\/2023\\\/03\\\/logo-MyH-nota-2-.png\",\"width\":336,\"height\":60,\"caption\":\"Muebles MyH\"},\"image\":{\"@id\":\"https:\\\/\\\/mueblesmyh.cl\\\/#\\\/schema\\\/logo\\\/image\\\/\"},\"sameAs\":[\"https:\\\/\\\/facebook.com\\\/MueblesMyH.Tarapaca\"]}]}<\/script>\n<!-- \/ Yoast SEO plugin. -->","yoast_head_json":{"title":"KIT COCINA HELLEN 7PT 1CJ COLOR NOGAL\/OFF WHITE -mvs sul- Muebles MyH","robots":{"index":"index","follow":"follow","max-snippet":"max-snippet:-1","max-image-preview":"max-image-preview:large","max-video-preview":"max-video-preview:-1"},"canonical":"https:\/\/mueblesmyh.cl\/es_es\/tienda-2\/cocina\/kit-cocinas\/kit-cocina-hellen-color-nogal-off-white\/","og_locale":"es_ES","og_type":"article","og_title":"KIT COCINA HELLEN 7PT 1CJ COLOR NOGAL\/OFF WHITE -mvs sul- Muebles MyH","og_description":"Caracter\u00edsticas Estantes internos Espacio para Horno y Micro Rieles telesc\u00f3picos Detalle cableado Asas de pl\u00e1stico Pies regulables en altura Especificaciones","og_url":"https:\/\/mueblesmyh.cl\/es_es\/tienda-2\/cocina\/kit-cocinas\/kit-cocina-hellen-color-nogal-off-white\/","og_site_name":"Muebles MyH","article_publisher":"https:\/\/facebook.com\/MueblesMyH.Tarapaca","article_modified_time":"2026-02-09T06:25:40+00:00","og_image":[{"width":2000,"height":2000,"url":"https:\/\/mueblesmyh.cl\/wp-content\/uploads\/2023\/10\/1006-0118-13-c0zinha_helen_n0gal.png","type":"image\/png"}],"twitter_card":"summary_large_image","twitter_misc":{"Tiempo de lectura":"1 minuto"},"schema":{"@context":"https:\/\/schema.org","@graph":[{"@type":"WebPage","@id":"https:\/\/mueblesmyh.cl\/tienda-2\/cocina\/kit-cocinas\/kit-cocina-hellen-color-nogal-off-white\/","url":"https:\/\/mueblesmyh.cl\/tienda-2\/cocina\/kit-cocinas\/kit-cocina-hellen-color-nogal-off-white\/","name":"KIT COCINA HELLEN 7PT 1CJ COLOR NOGAL\/OFF WHITE -mvs sul- Muebles MyH","isPartOf":{"@id":"https:\/\/mueblesmyh.cl\/#website"},"primaryImageOfPage":{"@id":"https:\/\/mueblesmyh.cl\/tienda-2\/cocina\/kit-cocinas\/kit-cocina-hellen-color-nogal-off-white\/#primaryimage"},"image":{"@id":"https:\/\/mueblesmyh.cl\/tienda-2\/cocina\/kit-cocinas\/kit-cocina-hellen-color-nogal-off-white\/#primaryimage"},"thumbnailUrl":"https:\/\/mueblesmyh.cl\/wp-content\/uploads\/2023\/10\/1006-0118-13-c0zinha_helen_n0gal.png","datePublished":"2023-10-10T20:09:08+00:00","dateModified":"2026-02-09T06:25:40+00:00","breadcrumb":{"@id":"https:\/\/mueblesmyh.cl\/tienda-2\/cocina\/kit-cocinas\/kit-cocina-hellen-color-nogal-off-white\/#breadcrumb"},"inLanguage":"es","potentialAction":[{"@type":"ReadAction","target":["https:\/\/mueblesmyh.cl\/tienda-2\/cocina\/kit-cocinas\/kit-cocina-hellen-color-nogal-off-white\/"]}]},{"@type":"ImageObject","inLanguage":"es","@id":"https:\/\/mueblesmyh.cl\/tienda-2\/cocina\/kit-cocinas\/kit-cocina-hellen-color-nogal-off-white\/#primaryimage","url":"https:\/\/mueblesmyh.cl\/wp-content\/uploads\/2023\/10\/1006-0118-13-c0zinha_helen_n0gal.png","contentUrl":"https:\/\/mueblesmyh.cl\/wp-content\/uploads\/2023\/10\/1006-0118-13-c0zinha_helen_n0gal.png","width":2000,"height":2000},{"@type":"BreadcrumbList","@id":"https:\/\/mueblesmyh.cl\/tienda-2\/cocina\/kit-cocinas\/kit-cocina-hellen-color-nogal-off-white\/#breadcrumb","itemListElement":[{"@type":"ListItem","position":1,"name":"Portada","item":"https:\/\/mueblesmyh.cl\/es_es\/"},{"@type":"ListItem","position":2,"name":"Tienda","item":"https:\/\/mueblesmyh.cl\/es_es\/shop\/"},{"@type":"ListItem","position":3,"name":"KIT COCINA HELLEN 7PT 1CJ COLOR NOGAL\/OFF WHITE -mvs sul-"}]},{"@type":"WebSite","@id":"https:\/\/mueblesmyh.cl\/#website","url":"https:\/\/mueblesmyh.cl\/","name":"Muebles MyH","description":"MyH","publisher":{"@id":"https:\/\/mueblesmyh.cl\/#organization"},"alternateName":"Muebles MyH","potentialAction":[{"@type":"SearchAction","target":{"@type":"EntryPoint","urlTemplate":"https:\/\/mueblesmyh.cl\/?s={search_term_string}"},"query-input":{"@type":"PropertyValueSpecification","valueRequired":true,"valueName":"search_term_string"}}],"inLanguage":"es"},{"@type":"Organization","@id":"https:\/\/mueblesmyh.cl\/#organization","name":"Muebles MyH","url":"https:\/\/mueblesmyh.cl\/","logo":{"@type":"ImageObject","inLanguage":"es","@id":"https:\/\/mueblesmyh.cl\/#\/schema\/logo\/image\/","url":"https:\/\/mueblesmyh.cl\/wp-content\/uploads\/2023\/03\/logo-MyH-nota-2-.png","contentUrl":"https:\/\/mueblesmyh.cl\/wp-content\/uploads\/2023\/03\/logo-MyH-nota-2-.png","width":336,"height":60,"caption":"Muebles MyH"},"image":{"@id":"https:\/\/mueblesmyh.cl\/#\/schema\/logo\/image\/"},"sameAs":["https:\/\/facebook.com\/MueblesMyH.Tarapaca"]}]}},"_links":{"self":[{"href":"https:\/\/mueblesmyh.cl\/es_es\/wp-json\/wp\/v2\/product\/18059","targetHints":{"allow":["GET"]}}],"collection":[{"href":"https:\/\/mueblesmyh.cl\/es_es\/wp-json\/wp\/v2\/product"}],"about":[{"href":"https:\/\/mueblesmyh.cl\/es_es\/wp-json\/wp\/v2\/types\/product"}],"replies":[{"embeddable":true,"href":"https:\/\/mueblesmyh.cl\/es_es\/wp-json\/wp\/v2\/comments?post=18059"}],"version-history":[{"count":1,"href":"https:\/\/mueblesmyh.cl\/es_es\/wp-json\/wp\/v2\/product\/18059\/revisions"}],"predecessor-version":[{"id":48069,"href":"https:\/\/mueblesmyh.cl\/es_es\/wp-json\/wp\/v2\/product\/18059\/revisions\/48069"}],"wp:featuredmedia":[{"embeddable":true,"href":"https:\/\/mueblesmyh.cl\/es_es\/wp-json\/wp\/v2\/media\/18062"}],"wp:attachment":[{"href":"https:\/\/mueblesmyh.cl\/es_es\/wp-json\/wp\/v2\/media?parent=18059"}],"wp:term":[{"taxonomy":"product_brand","embeddable":true,"href":"https:\/\/mueblesmyh.cl\/es_es\/wp-json\/wp\/v2\/product_brand?post=18059"},{"taxonomy":"product_cat","embeddable":true,"href":"https:\/\/mueblesmyh.cl\/es_es\/wp-json\/wp\/v2\/product_cat?post=18059"},{"taxonomy":"product_tag","embeddable":true,"href":"https:\/\/mueblesmyh.cl\/es_es\/wp-json\/wp\/v2\/product_tag?post=18059"}],"curies":[{"name":"wp","href":"https:\/\/api.w.org\/{rel}","templated":true}]}}